{"id":68,"date":"2022-12-09T08:31:26","date_gmt":"2022-12-09T07:31:26","guid":{"rendered":"http:\/\/centresophro34.fr\/?page_id=68"},"modified":"2026-03-30T16:26:27","modified_gmt":"2026-03-30T14:26:27","slug":"pour-qui","status":"publish","type":"page","link":"https:\/\/centresophro34.fr\/index.php\/pour-qui\/","title":{"rendered":"Pour qui\u00a0?"},"content":{"rendered":"\t\t<div data-elementor-type=\"wp-page\" data-elementor-id=\"68\" class=\"elementor elementor-68\">\n\t\t\t\t\t\t\t\t\t<section class=\"elementor-section elementor-top-section elementor-element elementor-element-e9a1336 elementor-section-boxed elementor-section-height-default elementor-section-height-default\" data-id=\"e9a1336\" data-element_type=\"section\" data-settings=\"{&quot;background_background&quot;:&quot;classic&quot;}\">\n\t\t\t\t\t\t<div class=\"elementor-container elementor-column-gap-default\">\n\t\t\t\t\t<div class=\"elementor-column elementor-col-50 elementor-top-column elementor-element elementor-element-2668f08\" data-id=\"2668f08\" data-element_type=\"column\">\n\t\t\t<div class=\"elementor-widget-wrap elementor-element-populated\">\n\t\t\t\t\t\t\t\t<div class=\"elementor-element elementor-element-97b6924 elementor-widget elementor-widget-spacer\" data-id=\"97b6924\" data-element_type=\"widget\" data-widget_type=\"spacer.default\">\n\t\t\t\t<div class=\"elementor-widget-container\">\n\t\t\t<style>\/*! elementor - v3.11.3 - 07-03-2023 *\/\n.elementor-column .elementor-spacer-inner{height:var(--spacer-size)}.e-con{--container-widget-width:100%}.e-con-inner>.elementor-widget-spacer,.e-con>.elementor-widget-spacer{width:var(--container-widget-width,var(--spacer-size));--align-self:var(--container-widget-align-self,initial);--flex-shrink:0}.e-con-inner>.elementor-widget-spacer>.elementor-widget-container,.e-con-inner>.elementor-widget-spacer>.elementor-widget-container>.elementor-spacer,.e-con>.elementor-widget-spacer>.elementor-widget-container,.e-con>.elementor-widget-spacer>.elementor-widget-container>.elementor-spacer{height:100%}.e-con-inner>.elementor-widget-spacer>.elementor-widget-container>.elementor-spacer>.elementor-spacer-inner,.e-con>.elementor-widget-spacer>.elementor-widget-container>.elementor-spacer>.elementor-spacer-inner{height:var(--container-widget-height,var(--spacer-size))}<\/style>\t\t<div class=\"elementor-spacer\">\n\t\t\t<div class=\"elementor-spacer-inner\"><\/div>\n\t\t<\/div>\n\t\t\t\t<\/div>\n\t\t\t\t<\/div>\n\t\t\t\t<div class=\"elementor-element elementor-element-3c61fc4 elementor-widget elementor-widget-spacer\" data-id=\"3c61fc4\" data-element_type=\"widget\" data-widget_type=\"spacer.default\">\n\t\t\t\t<div class=\"elementor-widget-container\">\n\t\t\t\t\t<div class=\"elementor-spacer\">\n\t\t\t<div class=\"elementor-spacer-inner\"><\/div>\n\t\t<\/div>\n\t\t\t\t<\/div>\n\t\t\t\t<\/div>\n\t\t\t\t\t<\/div>\n\t\t<\/div>\n\t\t\t\t<div class=\"elementor-column elementor-col-50 elementor-top-column elementor-element elementor-element-c8b9141\" data-id=\"c8b9141\" data-element_type=\"column\">\n\t\t\t<div class=\"elementor-widget-wrap elementor-element-populated\">\n\t\t\t\t\t\t\t\t<div class=\"elementor-element elementor-element-5c12465 elementor-widget elementor-widget-heading\" data-id=\"5c12465\" data-element_type=\"widget\" data-widget_type=\"heading.default\">\n\t\t\t\t<div class=\"elementor-widget-container\">\n\t\t\t<style>\/*! elementor - v3.11.3 - 07-03-2023 *\/\n.elementor-heading-title{padding:0;margin:0;line-height:1}.elementor-widget-heading .elementor-heading-title[class*=elementor-size-]>a{color:inherit;font-size:inherit;line-height:inherit}.elementor-widget-heading .elementor-heading-title.elementor-size-small{font-size:15px}.elementor-widget-heading .elementor-heading-title.elementor-size-medium{font-size:19px}.elementor-widget-heading .elementor-heading-title.elementor-size-large{font-size:29px}.elementor-widget-heading .elementor-heading-title.elementor-size-xl{font-size:39px}.elementor-widget-heading .elementor-heading-title.elementor-size-xxl{font-size:59px}<\/style><h2 class=\"elementor-heading-title elementor-size-xl\">Pour qui ?<\/h2>\t\t<\/div>\n\t\t\t\t<\/div>\n\t\t\t\t<div class=\"elementor-element elementor-element-c33a716 elementor-widget elementor-widget-text-editor\" data-id=\"c33a716\" data-element_type=\"widget\" data-widget_type=\"text-editor.default\">\n\t\t\t\t<div class=\"elementor-widget-container\">\n\t\t\t<style>\/*! elementor - v3.11.3 - 07-03-2023 *\/\n.elementor-widget-text-editor.elementor-drop-cap-view-stacked .elementor-drop-cap{background-color:#818a91;color:#fff}.elementor-widget-text-editor.elementor-drop-cap-view-framed .elementor-drop-cap{color:#818a91;border:3px solid;background-color:transparent}.elementor-widget-text-editor:not(.elementor-drop-cap-view-default) .elementor-drop-cap{margin-top:8px}.elementor-widget-text-editor:not(.elementor-drop-cap-view-default) .elementor-drop-cap-letter{width:1em;height:1em}.elementor-widget-text-editor .elementor-drop-cap{float:left;text-align:center;line-height:1;font-size:50px}.elementor-widget-text-editor .elementor-drop-cap-letter{display:inline-block}<\/style>\t\t\t\t<p style=\"margin: 0cm; font-size: medium; font-family: Calibri, sans-serif; caret-color: #000000; color: #000000;\"><span style=\"font-size: 13pt; font-family: Arial, sans-serif; color: #7f6650;\">Pour les enfants, les adolescents, les adultes, les s\u00e9niors.\u00a0<\/span><\/p><p style=\"margin: 0cm; font-size: medium; font-family: Calibri, sans-serif; caret-color: #000000; color: #000000;\">\u00a0<\/p><p><span style=\"font-family: Arial, sans-serif; font-size: 13pt; caret-color: #000000;\">Pour les entreprises, les sportifs, les \u00e9tudiants, les parents Pour les hommes, les femmes &#8230;\u00a0<\/span><\/p><p><span style=\"font-family: Arial, sans-serif; font-size: 13pt; caret-color: #000000;\">La sophrologie c&rsquo;est pour tous, \u00e0 partir du moment o\u00f9 nous d\u00e9cidons de prendre soin de nous !\u00a0<\/span><\/p><ul><li>Si vous subissez le stress et vos \u00e9motions, des troubles du sommeil, si vous ressentez une certaine irritabilit\u00e9\u2026.<\/li><li>\u00a0<\/li><li>Si vous souhaitez apprendre \u00e0 mieux vivre vos \u00e9motions et les g\u00e9rer.<\/li><li>\u00a0<\/li><li>Vous souhaitez retrouver votre confiance en vous. Dynamiser vos valeurs, vos qualit\u00e9s, vos ressources pour oser vous affirmer, pour oser \u00eatre vous-m\u00eame.<\/li><\/ul><ul><li>Vous vous rendez compte que vous avez, ou que votre enfant a, des troubles de la concentration, de l&rsquo;attention, des difficult\u00e9s de m\u00e9morisation,&#8230;<\/li><\/ul><ul><li>Vous avez un examen scolaire, universitaire, un examen m\u00e9dical, un entretien, ou un concours \u00e0 passer et vous voulez g\u00e9rer au mieux cet \u00e9v\u00e8nement, \u00eatre en pleine possession de vos capacit\u00e9s.<\/li><\/ul><ul><li>Vous vivez une p\u00e9riode difficile de votre vie, un licenciement, une s\u00e9paration, la maladie, un d\u00e9c\u00e8s, vous vous sentez seul(e)&#8230;<\/li><\/ul><ul><li>Vous souhaitez vivre une grossesse harmonieuse, la vivre pleinement et accepter tous les changements que cela implique dans votre corps et votre vie.<\/li><\/ul><p><b>Mon r\u00f4le est de vous accompagner dans vos moments de vie, vos d\u00e9marches en mettant \u00e0 votre disposition les outils simples, efficaces et concrets propres \u00e0 la sophrologie, tout en restant dans le respect de votre personnalit\u00e9 et de votre libre-arbitre.<\/b><\/p>\t\t\t\t\t\t<\/div>\n\t\t\t\t<\/div>\n\t\t\t\t\t<\/div>\n\t\t<\/div>\n\t\t\t\t\t\t\t<\/div>\n\t\t<\/section>\n\t\t\t\t<section class=\"elementor-section elementor-top-section elementor-element elementor-element-704d627 elementor-section-content-middle elementor-section-height-min-height elementor-section-boxed elementor-section-height-default elementor-section-items-middle\" data-id=\"704d627\" data-element_type=\"section\" data-settings=\"{&quot;background_background&quot;:&quot;slideshow&quot;,&quot;background_slideshow_gallery&quot;:[{&quot;id&quot;:635,&quot;url&quot;:&quot;https:\\\/\\\/centresophro34.fr\\\/wp-content\\\/uploads\\\/2022\\\/12\\\/pexels-pixabay-267684-scaled.jpg&quot;}],&quot;background_slideshow_loop&quot;:&quot;yes&quot;,&quot;background_slideshow_slide_duration&quot;:5000,&quot;background_slideshow_slide_transition&quot;:&quot;fade&quot;,&quot;background_slideshow_transition_duration&quot;:500}\">\n\t\t\t\t\t\t\t<div class=\"elementor-background-overlay\"><\/div>\n\t\t\t\t\t\t\t<div class=\"elementor-container elementor-column-gap-default\">\n\t\t\t\t\t<div class=\"elementor-column elementor-col-100 elementor-top-column elementor-element elementor-element-36b1bb9\" data-id=\"36b1bb9\" data-element_type=\"column\">\n\t\t\t<div class=\"elementor-widget-wrap\">\n\t\t\t\t\t\t\t\t\t<\/div>\n\t\t<\/div>\n\t\t\t\t\t\t\t<\/div>\n\t\t<\/section>\n\t\t\t\t\t\t\t<\/div>\n\t\t","protected":false},"excerpt":{"rendered":"<p>Pour qui ? Pour les enfants, les adolescents, les adultes, les s\u00e9niors.\u00a0 \u00a0 Pour les entreprises, les sportifs, les \u00e9tudiants, les parents Pour les hommes, les femmes &#8230;\u00a0 La sophrologie&#8230;<\/p>\n","protected":false},"author":1,"featured_media":0,"parent":0,"menu_order":0,"comment_status":"closed","ping_status":"closed","template":"","meta":{"_kad_post_transparent":"","_kad_post_title":"hide","_kad_post_layout":"fullwidth","_kad_post_sidebar_id":"","_kad_post_content_style":"unboxed","_kad_post_vertical_padding":"hide","_kad_post_feature":"hide","_kad_post_feature_position":"","_kad_post_header":false,"_kad_post_footer":false,"footnotes":""},"class_list":["post-68","page","type-page","status-publish","hentry"],"_links":{"self":[{"href":"https:\/\/centresophro34.fr\/index.php\/wp-json\/wp\/v2\/pages\/68","targetHints":{"allow":["GET"]}}],"collection":[{"href":"https:\/\/centresophro34.fr\/index.php\/wp-json\/wp\/v2\/pages"}],"about":[{"href":"https:\/\/centresophro34.fr\/index.php\/wp-json\/wp\/v2\/types\/page"}],"author":[{"embeddable":true,"href":"https:\/\/centresophro34.fr\/index.php\/wp-json\/wp\/v2\/users\/1"}],"replies":[{"embeddable":true,"href":"https:\/\/centresophro34.fr\/index.php\/wp-json\/wp\/v2\/comments?post=68"}],"version-history":[{"count":58,"href":"https:\/\/centresophro34.fr\/index.php\/wp-json\/wp\/v2\/pages\/68\/revisions"}],"predecessor-version":[{"id":1337,"href":"https:\/\/centresophro34.fr\/index.php\/wp-json\/wp\/v2\/pages\/68\/revisions\/1337"}],"wp:attachment":[{"href":"https:\/\/centresophro34.fr\/index.php\/wp-json\/wp\/v2\/media?parent=68"}],"curies":[{"name":"wp","href":"https:\/\/api.w.org\/{rel}","templated":true}]}}