{"id":62,"date":"2022-12-09T08:30:32","date_gmt":"2022-12-09T07:30:32","guid":{"rendered":"http:\/\/centresophro34.fr\/?page_id=62"},"modified":"2026-03-30T17:31:33","modified_gmt":"2026-03-30T15:31:33","slug":"qui-suis-je","status":"publish","type":"page","link":"https:\/\/centresophro34.fr\/index.php\/qui-suis-je\/","title":{"rendered":"Qui suis-je ?"},"content":{"rendered":"\t\t<div data-elementor-type=\"wp-page\" data-elementor-id=\"62\" class=\"elementor elementor-62\">\n\t\t\t\t\t\t\t\t\t<section class=\"elementor-section elementor-top-section elementor-element elementor-element-6b7c39ce elementor-section-height-min-height elementor-section-content-middle elementor-section-boxed elementor-section-height-default elementor-section-items-middle\" data-id=\"6b7c39ce\" data-element_type=\"section\" data-settings=\"{&quot;background_background&quot;:&quot;classic&quot;}\">\n\t\t\t\t\t\t\t<div class=\"elementor-background-overlay\"><\/div>\n\t\t\t\t\t\t\t<div class=\"elementor-container elementor-column-gap-default\">\n\t\t\t\t\t<div class=\"elementor-column elementor-col-50 elementor-top-column elementor-element elementor-element-64cb14d6\" data-id=\"64cb14d6\" data-element_type=\"column\">\n\t\t\t<div class=\"elementor-widget-wrap\">\n\t\t\t\t\t\t\t\t\t<\/div>\n\t\t<\/div>\n\t\t\t\t<div class=\"elementor-column elementor-col-50 elementor-top-column elementor-element elementor-element-49769fa7\" data-id=\"49769fa7\" data-element_type=\"column\">\n\t\t\t<div class=\"elementor-widget-wrap elementor-element-populated\">\n\t\t\t\t\t\t\t\t<div class=\"elementor-element elementor-element-271cc6d5 elementor-absolute animated-fast elementor-arrows-position-inside elementor-invisible elementor-widget elementor-widget-image-carousel\" data-id=\"271cc6d5\" data-element_type=\"widget\" data-settings=\"{&quot;slides_to_show&quot;:&quot;1&quot;,&quot;navigation&quot;:&quot;arrows&quot;,&quot;_animation&quot;:&quot;fadeInDown&quot;,&quot;_position&quot;:&quot;absolute&quot;,&quot;autoplay&quot;:&quot;yes&quot;,&quot;pause_on_hover&quot;:&quot;yes&quot;,&quot;pause_on_interaction&quot;:&quot;yes&quot;,&quot;autoplay_speed&quot;:5000,&quot;infinite&quot;:&quot;yes&quot;,&quot;effect&quot;:&quot;slide&quot;,&quot;speed&quot;:500}\" data-widget_type=\"image-carousel.default\">\n\t\t\t\t<div class=\"elementor-widget-container\">\n\t\t\t<style>\/*! elementor - v3.11.3 - 07-03-2023 *\/\n.elementor-widget-image-carousel .swiper,.elementor-widget-image-carousel .swiper-container{position:static}.elementor-widget-image-carousel .swiper-container .swiper-slide figure,.elementor-widget-image-carousel .swiper .swiper-slide figure{line-height:inherit}.elementor-widget-image-carousel .swiper-slide{text-align:center}.elementor-image-carousel-wrapper:not(.swiper-container-initialized) .swiper-slide,.elementor-image-carousel-wrapper:not(.swiper-initialized) .swiper-slide{max-width:calc(100% \/ var(--e-image-carousel-slides-to-show, 3))}<\/style>\t\t<div class=\"elementor-image-carousel-wrapper swiper-container\" dir=\"ltr\">\n\t\t\t<div class=\"elementor-image-carousel swiper-wrapper\">\n\t\t\t\t\t\t\t\t<div class=\"swiper-slide\"><figure class=\"swiper-slide-inner\"><img decoding=\"async\" class=\"swiper-slide-image\" src=\"https:\/\/centresophro34.fr\/wp-content\/uploads\/2022\/12\/Christelle-VERNETTE-768x1024.jpg\" alt=\"Christelle VERNETTE\" \/><\/figure><\/div>\t\t\t<\/div>\n\t\t\t\t\t<\/div>\n\t\t\t\t<\/div>\n\t\t\t\t<\/div>\n\t\t\t\t<div class=\"elementor-element elementor-element-737e4f9e elementor-invisible elementor-widget elementor-widget-heading\" data-id=\"737e4f9e\" data-element_type=\"widget\" data-settings=\"{&quot;_animation&quot;:&quot;bounceIn&quot;}\" data-widget_type=\"heading.default\">\n\t\t\t\t<div class=\"elementor-widget-container\">\n\t\t\t<style>\/*! elementor - v3.11.3 - 07-03-2023 *\/\n.elementor-heading-title{padding:0;margin:0;line-height:1}.elementor-widget-heading .elementor-heading-title[class*=elementor-size-]>a{color:inherit;font-size:inherit;line-height:inherit}.elementor-widget-heading .elementor-heading-title.elementor-size-small{font-size:15px}.elementor-widget-heading .elementor-heading-title.elementor-size-medium{font-size:19px}.elementor-widget-heading .elementor-heading-title.elementor-size-large{font-size:29px}.elementor-widget-heading .elementor-heading-title.elementor-size-xl{font-size:39px}.elementor-widget-heading .elementor-heading-title.elementor-size-xxl{font-size:59px}<\/style><h1 class=\"elementor-heading-title elementor-size-default\">Christelle Vernette<\/h1>\t\t<\/div>\n\t\t\t\t<\/div>\n\t\t\t\t<div class=\"elementor-element elementor-element-46cae316 elementor-invisible elementor-widget elementor-widget-heading\" data-id=\"46cae316\" data-element_type=\"widget\" data-settings=\"{&quot;_animation&quot;:&quot;fadeInLeft&quot;}\" data-widget_type=\"heading.default\">\n\t\t\t\t<div class=\"elementor-widget-container\">\n\t\t\t<h2 class=\"elementor-heading-title elementor-size-default\">Sophrologue<\/h2>\t\t<\/div>\n\t\t\t\t<\/div>\n\t\t\t\t\t<\/div>\n\t\t<\/div>\n\t\t\t\t\t\t\t<\/div>\n\t\t<\/section>\n\t\t\t\t<section class=\"elementor-section elementor-top-section elementor-element elementor-element-1bd6b4f2 elementor-section-boxed elementor-section-height-default elementor-section-height-default\" data-id=\"1bd6b4f2\" data-element_type=\"section\" data-settings=\"{&quot;background_background&quot;:&quot;classic&quot;}\">\n\t\t\t\t\t\t<div class=\"elementor-container elementor-column-gap-default\">\n\t\t\t\t\t<div class=\"elementor-column elementor-col-50 elementor-top-column elementor-element elementor-element-71c07c1\" data-id=\"71c07c1\" data-element_type=\"column\">\n\t\t\t<div class=\"elementor-widget-wrap elementor-element-populated\">\n\t\t\t\t\t\t\t\t<div class=\"elementor-element elementor-element-2dc32d2c elementor-widget elementor-widget-spacer\" data-id=\"2dc32d2c\" data-element_type=\"widget\" data-widget_type=\"spacer.default\">\n\t\t\t\t<div class=\"elementor-widget-container\">\n\t\t\t<style>\/*! elementor - v3.11.3 - 07-03-2023 *\/\n.elementor-column .elementor-spacer-inner{height:var(--spacer-size)}.e-con{--container-widget-width:100%}.e-con-inner>.elementor-widget-spacer,.e-con>.elementor-widget-spacer{width:var(--container-widget-width,var(--spacer-size));--align-self:var(--container-widget-align-self,initial);--flex-shrink:0}.e-con-inner>.elementor-widget-spacer>.elementor-widget-container,.e-con-inner>.elementor-widget-spacer>.elementor-widget-container>.elementor-spacer,.e-con>.elementor-widget-spacer>.elementor-widget-container,.e-con>.elementor-widget-spacer>.elementor-widget-container>.elementor-spacer{height:100%}.e-con-inner>.elementor-widget-spacer>.elementor-widget-container>.elementor-spacer>.elementor-spacer-inner,.e-con>.elementor-widget-spacer>.elementor-widget-container>.elementor-spacer>.elementor-spacer-inner{height:var(--container-widget-height,var(--spacer-size))}<\/style>\t\t<div class=\"elementor-spacer\">\n\t\t\t<div class=\"elementor-spacer-inner\"><\/div>\n\t\t<\/div>\n\t\t\t\t<\/div>\n\t\t\t\t<\/div>\n\t\t\t\t\t<\/div>\n\t\t<\/div>\n\t\t\t\t<div class=\"elementor-column elementor-col-50 elementor-top-column elementor-element elementor-element-6eeda2c7\" data-id=\"6eeda2c7\" data-element_type=\"column\">\n\t\t\t<div class=\"elementor-widget-wrap elementor-element-populated\">\n\t\t\t\t\t\t\t\t<div class=\"elementor-element elementor-element-584daf3 elementor-widget elementor-widget-heading\" data-id=\"584daf3\" data-element_type=\"widget\" data-widget_type=\"heading.default\">\n\t\t\t\t<div class=\"elementor-widget-container\">\n\t\t\t<h2 class=\"elementor-heading-title elementor-size-xl\">Qui suis-je ?<\/h2>\t\t<\/div>\n\t\t\t\t<\/div>\n\t\t\t\t<div class=\"elementor-element elementor-element-76f9d1af elementor-widget elementor-widget-text-editor\" data-id=\"76f9d1af\" data-element_type=\"widget\" data-widget_type=\"text-editor.default\">\n\t\t\t\t<div class=\"elementor-widget-container\">\n\t\t\t<style>\/*! elementor - v3.11.3 - 07-03-2023 *\/\n.elementor-widget-text-editor.elementor-drop-cap-view-stacked .elementor-drop-cap{background-color:#818a91;color:#fff}.elementor-widget-text-editor.elementor-drop-cap-view-framed .elementor-drop-cap{color:#818a91;border:3px solid;background-color:transparent}.elementor-widget-text-editor:not(.elementor-drop-cap-view-default) .elementor-drop-cap{margin-top:8px}.elementor-widget-text-editor:not(.elementor-drop-cap-view-default) .elementor-drop-cap-letter{width:1em;height:1em}.elementor-widget-text-editor .elementor-drop-cap{float:left;text-align:center;line-height:1;font-size:50px}.elementor-widget-text-editor .elementor-drop-cap-letter{display:inline-block}<\/style>\t\t\t\t<p align=\"JUSTIFY\"><span style=\"font-family: Calibri, sans-serif;\">Au cours de mon cursus scolaire, je me suis toujours orient\u00e9e dans la relation d\u2019aide \u00e0 la personne et j\u2019ai d\u00e9couvert la sophrologie lorsque j\u2019\u00e9tudiais en licence de psychologie.<\/span><\/p><p align=\"JUSTIFY\"><span style=\"font-family: Calibri, sans-serif;\">En 2004, le m\u00e9tier de <\/span><span style=\"font-family: Calibri, sans-serif;\"><b>sophrologue, <\/b><\/span><span style=\"font-family: Calibri, sans-serif;\">m\u2019est apparu comme une \u00e9vidence. Ce m\u00e9tier correspondait exactement \u00e0 mes attentes. J\u2019en appr\u00e9cie son <\/span><span style=\"font-family: Calibri, sans-serif;\"><b>ouverture d\u2019esprit<\/b><\/span><span style=\"font-family: Calibri, sans-serif;\">, l\u2019<\/span><span style=\"font-family: Calibri, sans-serif;\"><b>\u00e9change<\/b><\/span><span style=\"font-family: Calibri, sans-serif;\"> et le <\/span><span style=\"font-family: Calibri, sans-serif;\"><b>partage <\/b><\/span><span style=\"font-family: Calibri, sans-serif;\">avec les autres, le <\/span><span style=\"font-family: Calibri, sans-serif;\"><b>plaisir<\/b><\/span><span style=\"font-family: Calibri, sans-serif;\"> li\u00e9 \u00e0 l\u2019exp\u00e9rience et le principe de <\/span><span style=\"font-family: Calibri, sans-serif;\"><b>d\u00e9velopper les capacit\u00e9s et les ressources<\/b><\/span><span style=\"font-family: Calibri, sans-serif;\"> de chacun.<\/span><\/p><p align=\"JUSTIFY\"><span style=\"font-family: Calibri, sans-serif;\">En tant que sophrologue, mon objectif est d\u2019accompagner avec <\/span><span style=\"font-family: Calibri, sans-serif;\"><b>empathie<\/b><\/span><span style=\"font-family: Calibri, sans-serif;\">, la ou les personnes vers un mieux-\u00eatre int\u00e9rieur ainsi qu\u2019avec les autres, les aider \u00e0 d\u00e9velopper leur potentiel \u00e0 travers des exercices concrets utilisables au quotidien et les amener progressivement vers une <\/span><span style=\"font-family: Calibri, sans-serif;\"><b>autonomie<\/b><\/span><span style=\"font-family: Calibri, sans-serif;\"> dans leur pratique.<\/span><\/p><p align=\"JUSTIFY\"><span style=\"font-family: Calibri, sans-serif;\">J\u2019accueille tous public (particulier et personnel d\u2019entreprise). J\u2019ai choisi d\u2019approfondir mes connaissances en suivant des formations compl\u00e9mentaires en <i>\u00ab\u00a0<\/i><\/span><i><span style=\"font-family: Calibri, sans-serif;\"><b>sophrologie et enfants\u00a0<\/b><\/span><\/i><span style=\"font-family: Calibri, sans-serif;\"><i>\u00bb<\/i> , <i>\u00ab\u00a0<\/i><\/span><i><span style=\"font-family: Calibri, sans-serif;\"><b>sophrologie et maternit\u00e9-p\u00e9dagogie obst\u00e9tricale\u00a0<\/b><\/span><span style=\"font-family: Calibri, sans-serif;\">\u00bb et \u00ab\u00a0<\/span><span style=\"font-family: Calibri, sans-serif;\"><b>sophrologie et di\u00e9t\u00e9tique<\/b><\/span><span style=\"font-family: Calibri, sans-serif;\">\u00a0\u00bb<\/span><\/i><span style=\"font-family: Calibri, sans-serif;\"><i> .<\/i> <\/span><\/p><p align=\"JUSTIFY\"><span style=\"font-family: Calibri, sans-serif;\">R\u00e9guli\u00e8rement je participe \u00e0 des r\u00e9unions<\/span><b> <\/b><span style=\"font-family: Calibri, sans-serif;\">avec mes confr\u00e8res, ce qui permet de partager nos exp\u00e9riences, le travail en \u00e9quipe \u00e9tant toujours enrichissant.<\/span><\/p><p align=\"JUSTIFY\"><span style=\"font-family: Calibri, sans-serif;\">Je suis \u00e9galement technicienne en <\/span><span style=\"font-family: Calibri, sans-serif;\"><b>P.N.L<\/b><\/span><span style=\"font-family: Calibri, sans-serif;\">. (Programmation Neuro-Linguistique), outil de communication qui me permet de favoriser mes accompagnements sophrologiques, les rendant plus efficaces car mieux \u00e0 l\u2019\u00e9coute des personnes.<\/span><\/p><p align=\"JUSTIFY\"><span style=\"font-family: Calibri, sans-serif;\">Je me suis form\u00e9e au <\/span><span style=\"font-family: Calibri, sans-serif;\"><b>yoga du rire <\/b><\/span><span style=\"font-family: Calibri, sans-serif;\">en 2012, une pratique que j\u2019appr\u00e9cie \u00e9norm\u00e9ment tant pour son cot\u00e9 ludique que pour tous les bienfaits qu\u2019apporte le rire sur notre <\/span><span style=\"font-family: Calibri, sans-serif;\"><b>sant\u00e9 physique et mentale.<\/b><\/span><\/p><p align=\"JUSTIFY\"><span style=\"font-family: Calibri, sans-serif;\">La combinaison de la sophrologie et du yoga du rire me permettent un <\/span><span style=\"font-family: Calibri, sans-serif;\"><b>\u00e9panouissement professionnel et personnel<\/b><\/span><span style=\"font-family: Calibri, sans-serif;\">, il \u00e9tait primordial pour moi de trouver un m\u00e9tier passionnant. <\/span><\/p><p align=\"JUSTIFY\"><span style=\"font-family: Calibri, sans-serif;\">Toujours dans l\u2019intention d\u2019am\u00e9lioration de mon accompagnement, j\u2019ai voulu compl\u00e9ter mes comp\u00e9tences en 2018 avec l\u2019<\/span><span style=\"font-family: Calibri, sans-serif;\"><b>hypnose<\/b><\/span><span style=\"font-family: Calibri, sans-serif;\"> et les <\/span><span style=\"font-family: Calibri, sans-serif;\"><b>m\u00e9thodes PEAT<\/b><\/span><span style=\"font-family: Calibri, sans-serif;\"> (techniques de lib\u00e9ration \u00e9motionnelle). Puis en 2019, 2021 et 2025 avec diverses formations sur les diff\u00e9rents <\/span><span style=\"font-family: Calibri, sans-serif;\"><b>apprentissages et p\u00e9dagogies<\/b><\/span><span style=\"font-family: Calibri, sans-serif;\"> possibles. <\/span><\/p><p align=\"JUSTIFY\"><span style=\"font-family: Calibri, sans-serif;\">Depuis 2014 j\u2019interviens comme <\/span><span style=\"font-family: Calibri, sans-serif;\"><b>formatrice<\/b><\/span><span style=\"font-family: Calibri, sans-serif;\"> dans l\u2019\u00c9cole de Sophrologie Sophro Sud Est \u00e0 Montpellier. La transmission \u00e0 travers la formation est une autre approche de la sophrologie, tout aussi humaine et \u00e9panouissante.\u00a0<\/span><span style=\"font-size: 1em; text-align: left; font-family: Calibri, sans-serif;\">Et en 2021, je suis devenue <strong>directrice<\/strong> de l&rsquo;<\/span><span style=\"font-size: 1em; text-align: left; font-family: Calibri, sans-serif;\">\u00c9cole de Sophrologie Sophro Sud Est.<\/span><\/p><p align=\"JUSTIFY\"><span style=\"font-family: Calibri, sans-serif;\">En 2022 je me suis form\u00e9e \u00e0 la pratique du <strong>Snoezelen<\/strong> pour personnes \u00e2g\u00e9es pour compl\u00e9ter mes interventions en Ehpad. C\u2019est une m\u00e9thode qui vise \u00e0 apporter du bien \u00eatre \u00e0 travers la mobilisation de tous les sens, cela est tr\u00e8s compl\u00e9mentaire \u00e0 la pratique de la sophrologie. <\/span><\/p><p align=\"JUSTIFY\"><span style=\"font-family: Calibri, sans-serif;\">J\u2019exerce ma profession de sophrologue et professeur de yoga du rire sur la commune de Jacou (au nord de Montpellier) et j\u2019interviens \u00e9galement dans diff\u00e9rents \u00e9tablissement \u00e0 Montpellier et alentours (Ehpad, entreprises, mairie).<\/span><\/p>\t\t\t\t\t\t<\/div>\n\t\t\t\t<\/div>\n\t\t\t\t\t<\/div>\n\t\t<\/div>\n\t\t\t\t\t\t\t<\/div>\n\t\t<\/section>\n\t\t\t\t<section class=\"elementor-section elementor-top-section elementor-element elementor-element-6cede48a elementor-section-boxed elementor-section-height-default elementor-section-height-default\" data-id=\"6cede48a\" data-element_type=\"section\" data-settings=\"{&quot;background_background&quot;:&quot;classic&quot;}\">\n\t\t\t\t\t\t<div class=\"elementor-container elementor-column-gap-default\">\n\t\t\t\t\t<div class=\"elementor-column elementor-col-100 elementor-top-column elementor-element elementor-element-65d1e4df\" data-id=\"65d1e4df\" data-element_type=\"column\">\n\t\t\t<div class=\"elementor-widget-wrap elementor-element-populated\">\n\t\t\t\t\t\t\t\t<section class=\"elementor-section elementor-inner-section elementor-element elementor-element-384901e9 elementor-section-boxed elementor-section-height-default elementor-section-height-default\" data-id=\"384901e9\" data-element_type=\"section\" data-settings=\"{&quot;background_background&quot;:&quot;classic&quot;}\">\n\t\t\t\t\t\t<div class=\"elementor-container elementor-column-gap-no\">\n\t\t\t\t\t<div class=\"elementor-column elementor-col-50 elementor-inner-column elementor-element elementor-element-3eadca32\" data-id=\"3eadca32\" data-element_type=\"column\">\n\t\t\t<div class=\"elementor-widget-wrap elementor-element-populated\">\n\t\t\t\t\t\t\t\t<section class=\"elementor-section elementor-inner-section elementor-element elementor-element-40d3848e elementor-section-boxed elementor-section-height-default elementor-section-height-default\" data-id=\"40d3848e\" data-element_type=\"section\">\n\t\t\t\t\t\t<div class=\"elementor-container elementor-column-gap-default\">\n\t\t\t\t\t<div class=\"elementor-column elementor-col-100 elementor-inner-column elementor-element elementor-element-43fa35d3\" data-id=\"43fa35d3\" data-element_type=\"column\">\n\t\t\t<div class=\"elementor-widget-wrap elementor-element-populated\">\n\t\t\t\t\t\t\t\t<div class=\"elementor-element elementor-element-16b4af91 elementor-widget elementor-widget-text-editor\" data-id=\"16b4af91\" data-element_type=\"widget\" data-widget_type=\"text-editor.default\">\n\t\t\t\t<div class=\"elementor-widget-container\">\n\t\t\t\t\t\t\t<p><b>Mes qualit\u00e9s\u00a0et mes comp\u00e9tences\u00a0: <\/b><br \/>Je m\u2019adapte assez facilement aux diff\u00e9rentes situations, bienveillante et empathique, ceux sont \u00e0 mon avis des comp\u00e9tences requises pour nos m\u00e9tiers. De nature souriante et dynamique. Je suis plut\u00f4t organis\u00e9e et consciencieuse dans le travail et r\u00e9active.<\/p><p><b>Mes passions, ce que j\u2019aime faire\u00a0: <\/b><br \/>Je me r\u00e9gale de voir s\u2019\u00e9panouir les gens, je m\u2019int\u00e9resse aux \u00e9motions, au fonctionnement de l\u2019apprentissage, \u00e0 l\u2019\u00e9volution de l\u2019\u00eatre humain. <br \/>J\u2019aime lire, faire des ateliers cr\u00e9atifs, dessiner, peindre \u2026 m\u00eame si je ne peux pas me dire artiste, j\u2019aime le faire.<br \/>J\u2019adore mettre mes sens en \u00e9veil quand je me prom\u00e8ne, et peu importe le lieu. <br \/>J\u2019aime rire, partager des moments avec ma famille et mes amis. \u00c9picurienne, curieuse et gourmande des bonnes choses et de la vie\u00a0!<\/p><p>Aujourd\u2019hui encore la sophrologie m\u2019accompagne dans ma vie quotidienne. C\u2019est pour moi une aventure formidable, un art de vivre que j\u2019appr\u00e9cie de partager avec ceux qui le souhaite.<\/p><p><i>\u00c0 tr\u00e8s bient\u00f4t<\/i><\/p><p><u><b>Christelle Vernette<\/b><\/u><\/p><div>\u00a0<\/div><div>\u00a0<\/div><div>\u00a0<\/div><div>\u00a0<\/div>\t\t\t\t\t\t<\/div>\n\t\t\t\t<\/div>\n\t\t\t\t\t<\/div>\n\t\t<\/div>\n\t\t\t\t\t\t\t<\/div>\n\t\t<\/section>\n\t\t\t\t\t<\/div>\n\t\t<\/div>\n\t\t\t\t<div class=\"elementor-column elementor-col-50 elementor-inner-column elementor-element elementor-element-22b60e08\" data-id=\"22b60e08\" data-element_type=\"column\">\n\t\t\t<div class=\"elementor-widget-wrap elementor-element-populated\">\n\t\t\t\t\t\t\t\t<div class=\"elementor-element elementor-element-60a74bb3 elementor-widget elementor-widget-spacer\" data-id=\"60a74bb3\" data-element_type=\"widget\" data-widget_type=\"spacer.default\">\n\t\t\t\t<div class=\"elementor-widget-container\">\n\t\t\t\t\t<div class=\"elementor-spacer\">\n\t\t\t<div class=\"elementor-spacer-inner\"><\/div>\n\t\t<\/div>\n\t\t\t\t<\/div>\n\t\t\t\t<\/div>\n\t\t\t\t<div class=\"elementor-element elementor-element-53234ca3 elementor-mobile-align-justify elementor-align-center elementor-widget elementor-widget-button\" data-id=\"53234ca3\" data-element_type=\"widget\" data-widget_type=\"button.default\">\n\t\t\t\t<div class=\"elementor-widget-container\">\n\t\t\t\t\t<div class=\"elementor-button-wrapper\">\n\t\t\t<a href=\"http:\/\/06%2009%2015%2017%2081\" target=\"_blank\" class=\"elementor-button-link elementor-button elementor-size-md elementor-animation-shrink\" role=\"button\">\n\t\t\t\t\t\t<span class=\"elementor-button-content-wrapper\">\n\t\t\t\t\t\t\t<span class=\"elementor-button-icon elementor-align-icon-left\">\n\t\t\t\t<i aria-hidden=\"true\" class=\"fas fa-phone-square\"><\/i>\t\t\t<\/span>\n\t\t\t\t\t\t<span class=\"elementor-button-text\">Me contacter<\/span>\n\t\t<\/span>\n\t\t\t\t\t<\/a>\n\t\t<\/div>\n\t\t\t\t<\/div>\n\t\t\t\t<\/div>\n\t\t\t\t\t<\/div>\n\t\t<\/div>\n\t\t\t\t\t\t\t<\/div>\n\t\t<\/section>\n\t\t\t\t\t<\/div>\n\t\t<\/div>\n\t\t\t\t\t\t\t<\/div>\n\t\t<\/section>\n\t\t\t\t<section class=\"elementor-section elementor-top-section elementor-element elementor-element-2b1ef175 elementor-section-boxed elementor-section-height-default elementor-section-height-default elementor-invisible\" data-id=\"2b1ef175\" data-element_type=\"section\" data-settings=\"{&quot;background_background&quot;:&quot;classic&quot;,&quot;animation&quot;:&quot;fadeIn&quot;}\">\n\t\t\t\t\t\t\t<div class=\"elementor-background-overlay\"><\/div>\n\t\t\t\t\t\t\t<div class=\"elementor-container elementor-column-gap-no\">\n\t\t\t\t\t<div class=\"elementor-column elementor-col-50 elementor-top-column elementor-element elementor-element-4c8c2798\" data-id=\"4c8c2798\" data-element_type=\"column\">\n\t\t\t<div class=\"elementor-widget-wrap elementor-element-populated\">\n\t\t\t\t\t\t\t\t<div class=\"elementor-element elementor-element-637832fd elementor-widget elementor-widget-heading\" data-id=\"637832fd\" data-element_type=\"widget\" data-widget_type=\"heading.default\">\n\t\t\t\t<div class=\"elementor-widget-container\">\n\t\t\t<h5 class=\"elementor-heading-title elementor-size-default\">Formatrice<\/h5>\t\t<\/div>\n\t\t\t\t<\/div>\n\t\t\t\t<div class=\"elementor-element elementor-element-fdfc704 elementor-widget elementor-widget-text-editor\" data-id=\"fdfc704\" data-element_type=\"widget\" data-widget_type=\"text-editor.default\">\n\t\t\t\t<div class=\"elementor-widget-container\">\n\t\t\t\t\t\t\t<p>Depuis 2014, j&rsquo;interviens comme formatrice dans l&rsquo;Ecole Sophro Sud Est \u00e0 Avignon puis \u00e0 Montpellier. J&rsquo;accompagne ainsi les personnes souhaitant devenir sophrologue dans une formation compl\u00e8te sur 2 ans et \u00e9galement lors de sp\u00e9cialisations en sophrologie.\u00a0<\/p><p>Je forme \u00e9galement des Animateurs de Yoga du Rire.\u00a0<\/p><p>La transmission \u00e0 travers la formation est une autre approche de la sophrologie et du yoga du rire, tout aussi humaine et \u00e9panouissante.\u00a0<\/p>\t\t\t\t\t\t<\/div>\n\t\t\t\t<\/div>\n\t\t\t\t\t<\/div>\n\t\t<\/div>\n\t\t\t\t<div class=\"elementor-column elementor-col-50 elementor-top-column elementor-element elementor-element-524cb8a\" data-id=\"524cb8a\" data-element_type=\"column\">\n\t\t\t<div class=\"elementor-widget-wrap elementor-element-populated\">\n\t\t\t\t\t\t\t\t<div class=\"elementor-element elementor-element-e2aacb2 elementor-widget elementor-widget-image\" data-id=\"e2aacb2\" data-element_type=\"widget\" data-widget_type=\"image.default\">\n\t\t\t\t<div class=\"elementor-widget-container\">\n\t\t\t<style>\/*! elementor - v3.11.3 - 07-03-2023 *\/\n.elementor-widget-image{text-align:center}.elementor-widget-image a{display:inline-block}.elementor-widget-image a img[src$=\".svg\"]{width:48px}.elementor-widget-image img{vertical-align:middle;display:inline-block}<\/style>\t\t\t\t\t\t\t\t\t\t\t\t<img loading=\"lazy\" decoding=\"async\" width=\"300\" height=\"241\" src=\"https:\/\/centresophro34.fr\/wp-content\/uploads\/2022\/12\/branche-casse-300x241.png\" class=\"attachment-medium size-medium wp-image-491\" alt=\"\" srcset=\"https:\/\/centresophro34.fr\/wp-content\/uploads\/2022\/12\/branche-casse-300x241.png 300w, https:\/\/centresophro34.fr\/wp-content\/uploads\/2022\/12\/branche-casse.png 608w\" sizes=\"auto, (max-width: 300px) 100vw, 300px\" \/>\t\t\t\t\t\t\t\t\t\t\t\t\t\t\t<\/div>\n\t\t\t\t<\/div>\n\t\t\t\t\t<\/div>\n\t\t<\/div>\n\t\t\t\t\t\t\t<\/div>\n\t\t<\/section>\n\t\t\t\t\t\t\t<\/div>\n\t\t","protected":false},"excerpt":{"rendered":"<p>Christelle Vernette Sophrologue Qui suis-je ? Au cours de mon cursus scolaire, je me suis toujours orient\u00e9e dans la relation d\u2019aide \u00e0 la personne et j\u2019ai d\u00e9couvert la sophrologie lorsque&#8230;<\/p>\n","protected":false},"author":1,"featured_media":0,"parent":0,"menu_order":0,"comment_status":"closed","ping_status":"closed","template":"","meta":{"_kad_post_transparent":"","_kad_post_title":"hide","_kad_post_layout":"fullwidth","_kad_post_sidebar_id":"","_kad_post_content_style":"unboxed","_kad_post_vertical_padding":"hide","_kad_post_feature":"hide","_kad_post_feature_position":"","_kad_post_header":false,"_kad_post_footer":false,"footnotes":""},"class_list":["post-62","page","type-page","status-publish","hentry"],"_links":{"self":[{"href":"https:\/\/centresophro34.fr\/index.php\/wp-json\/wp\/v2\/pages\/62","targetHints":{"allow":["GET"]}}],"collection":[{"href":"https:\/\/centresophro34.fr\/index.php\/wp-json\/wp\/v2\/pages"}],"about":[{"href":"https:\/\/centresophro34.fr\/index.php\/wp-json\/wp\/v2\/types\/page"}],"author":[{"embeddable":true,"href":"https:\/\/centresophro34.fr\/index.php\/wp-json\/wp\/v2\/users\/1"}],"replies":[{"embeddable":true,"href":"https:\/\/centresophro34.fr\/index.php\/wp-json\/wp\/v2\/comments?post=62"}],"version-history":[{"count":58,"href":"https:\/\/centresophro34.fr\/index.php\/wp-json\/wp\/v2\/pages\/62\/revisions"}],"predecessor-version":[{"id":1368,"href":"https:\/\/centresophro34.fr\/index.php\/wp-json\/wp\/v2\/pages\/62\/revisions\/1368"}],"wp:attachment":[{"href":"https:\/\/centresophro34.fr\/index.php\/wp-json\/wp\/v2\/media?parent=62"}],"curies":[{"name":"wp","href":"https:\/\/api.w.org\/{rel}","templated":true}]}}