{"id":1150,"date":"2023-03-08T07:56:42","date_gmt":"2023-03-08T06:56:42","guid":{"rendered":"https:\/\/centresophro34.fr\/?page_id=1150"},"modified":"2026-03-30T17:22:20","modified_gmt":"2026-03-30T15:22:20","slug":"temoignages","status":"publish","type":"page","link":"https:\/\/centresophro34.fr\/index.php\/temoignages\/","title":{"rendered":"T\u00e9moignages"},"content":{"rendered":"\t\t<div data-elementor-type=\"wp-page\" data-elementor-id=\"1150\" class=\"elementor elementor-1150\">\n\t\t\t\t\t\t\t\t\t<section class=\"elementor-section elementor-top-section elementor-element elementor-element-b9fc3b8 elementor-section-boxed elementor-section-height-default elementor-section-height-default\" data-id=\"b9fc3b8\" data-element_type=\"section\" data-settings=\"{&quot;background_background&quot;:&quot;classic&quot;}\">\n\t\t\t\t\t\t<div class=\"elementor-container elementor-column-gap-default\">\n\t\t\t\t\t<div class=\"elementor-column elementor-col-100 elementor-top-column elementor-element elementor-element-74bbc63\" data-id=\"74bbc63\" data-element_type=\"column\" data-settings=\"{&quot;background_background&quot;:&quot;classic&quot;}\">\n\t\t\t<div class=\"elementor-widget-wrap elementor-element-populated\">\n\t\t\t\t\t<div class=\"elementor-background-overlay\"><\/div>\n\t\t\t\t\t\t\t\t<div class=\"elementor-element elementor-element-7ac5c88 elementor-widget elementor-widget-heading\" data-id=\"7ac5c88\" data-element_type=\"widget\" data-widget_type=\"heading.default\">\n\t\t\t\t<div class=\"elementor-widget-container\">\n\t\t\t<style>\/*! elementor - v3.11.3 - 07-03-2023 *\/\n.elementor-heading-title{padding:0;margin:0;line-height:1}.elementor-widget-heading .elementor-heading-title[class*=elementor-size-]>a{color:inherit;font-size:inherit;line-height:inherit}.elementor-widget-heading .elementor-heading-title.elementor-size-small{font-size:15px}.elementor-widget-heading .elementor-heading-title.elementor-size-medium{font-size:19px}.elementor-widget-heading .elementor-heading-title.elementor-size-large{font-size:29px}.elementor-widget-heading .elementor-heading-title.elementor-size-xl{font-size:39px}.elementor-widget-heading .elementor-heading-title.elementor-size-xxl{font-size:59px}<\/style><h2 class=\"elementor-heading-title elementor-size-xl\">      Ils m'ont fait confiance !<\/h2>\t\t<\/div>\n\t\t\t\t<\/div>\n\t\t\t\t<div class=\"elementor-element elementor-element-627a883 elementor-widget elementor-widget-heading\" data-id=\"627a883\" data-element_type=\"widget\" data-widget_type=\"heading.default\">\n\t\t\t\t<div class=\"elementor-widget-container\">\n\t\t\t<h2 class=\"elementor-heading-title elementor-size-default\">15\/12\/2025 \n\nMerci \u00e0 Christelle pour tous ce qu\u2019elle m\u2019a apport\u00e9 pendant nos s\u00e9ances. Elle nous apprend des exercices, simples et tellement efficaces qui m\u2019accompagnent encore aujourd\u2019hui. Elle est bienveillante et sans aucun jugement. Merci \u00e0 elle.<br><br>Sarah F.<\/h2>\t\t<\/div>\n\t\t\t\t<\/div>\n\t\t\t\t<div class=\"elementor-element elementor-element-9e268ae elementor-widget elementor-widget-heading\" data-id=\"9e268ae\" data-element_type=\"widget\" data-widget_type=\"heading.default\">\n\t\t\t\t<div class=\"elementor-widget-container\">\n\t\t\t<h2 class=\"elementor-heading-title elementor-size-default\">06\/06\/2024\n\nChristelle s'est occup\u00e9e de mon fils de 9 ans avec beaucoup de bienveillance et d'humour. Elle est profond\u00e9ment humaine et \u00e0 l'\u00e9coute. L'environnement qu'elle propose au cabinet est chaleureux et rassurant. Merci Christelle\n\nMarie G.<\/h2>\t\t<\/div>\n\t\t\t\t<\/div>\n\t\t\t\t<div class=\"elementor-element elementor-element-e417edc elementor-widget elementor-widget-testimonial\" data-id=\"e417edc\" data-element_type=\"widget\" data-widget_type=\"testimonial.default\">\n\t\t\t\t<div class=\"elementor-widget-container\">\n\t\t\t<style>\/*! elementor - v3.11.3 - 07-03-2023 *\/\n.elementor-testimonial-wrapper{overflow:hidden;text-align:center}.elementor-testimonial-wrapper .elementor-testimonial-content{font-size:1.3em;margin-bottom:20px}.elementor-testimonial-wrapper .elementor-testimonial-name{line-height:1.5;display:block}.elementor-testimonial-wrapper .elementor-testimonial-job{font-size:.85em;display:block}.elementor-testimonial-wrapper .elementor-testimonial-meta{width:100%;line-height:1}.elementor-testimonial-wrapper .elementor-testimonial-meta-inner{display:inline-block}.elementor-testimonial-wrapper .elementor-testimonial-meta .elementor-testimonial-details,.elementor-testimonial-wrapper .elementor-testimonial-meta .elementor-testimonial-image{display:table-cell;vertical-align:middle}.elementor-testimonial-wrapper .elementor-testimonial-meta .elementor-testimonial-image img{width:60px;height:60px;border-radius:50%;-o-object-fit:cover;object-fit:cover;max-width:none}.elementor-testimonial-wrapper .elementor-testimonial-meta.elementor-testimonial-image-position-aside .elementor-testimonial-image{padding-right:15px}.elementor-testimonial-wrapper .elementor-testimonial-meta.elementor-testimonial-image-position-aside .elementor-testimonial-details{text-align:left}.elementor-testimonial-wrapper .elementor-testimonial-meta.elementor-testimonial-image-position-top .elementor-testimonial-details,.elementor-testimonial-wrapper .elementor-testimonial-meta.elementor-testimonial-image-position-top .elementor-testimonial-image{display:block}.elementor-testimonial-wrapper .elementor-testimonial-meta.elementor-testimonial-image-position-top .elementor-testimonial-image{margin-bottom:20px}<\/style>\t\t<div class=\"elementor-testimonial-wrapper\">\n\t\t\t\t\t\t\t<div class=\"elementor-testimonial-content\">22&nbsp;\/ 09 \/ 2010<br>Merci Christelle,<br>je prends enfin conscience du monde qui m'entoure, de moi, de tout mon \u00eatre, de ma raison ici.&nbsp;Je prends conscience de mon existence \u00e0 part enti\u00e8re et non plus \u00e0 travers les autres et le sentiment des autres. J'ai confiance en moi et ceci grace au travail que nous avons fait ensemble, et tu y es pour beaucoup.<\/div>\n\t\t\t\n\t\t\t\t\t\t<div class=\"elementor-testimonial-meta elementor-has-image elementor-testimonial-image-position-aside\">\n\t\t\t\t<div class=\"elementor-testimonial-meta-inner\">\n\t\t\t\t\t\t\t\t\t\t\t<div class=\"elementor-testimonial-image\">\n\t\t\t\t\t\t\t<img loading=\"lazy\" decoding=\"async\" width=\"2560\" height=\"1584\" src=\"https:\/\/centresophro34.fr\/wp-content\/uploads\/2022\/12\/pexels-pixabay-258145-scaled.jpg\" class=\"attachment-full size-full wp-image-320\" alt=\"\" srcset=\"https:\/\/centresophro34.fr\/wp-content\/uploads\/2022\/12\/pexels-pixabay-258145-scaled.jpg 2560w, https:\/\/centresophro34.fr\/wp-content\/uploads\/2022\/12\/pexels-pixabay-258145-300x186.jpg 300w, https:\/\/centresophro34.fr\/wp-content\/uploads\/2022\/12\/pexels-pixabay-258145-1024x634.jpg 1024w, https:\/\/centresophro34.fr\/wp-content\/uploads\/2022\/12\/pexels-pixabay-258145-768x475.jpg 768w, https:\/\/centresophro34.fr\/wp-content\/uploads\/2022\/12\/pexels-pixabay-258145-1536x951.jpg 1536w, https:\/\/centresophro34.fr\/wp-content\/uploads\/2022\/12\/pexels-pixabay-258145-2048x1267.jpg 2048w\" sizes=\"auto, (max-width: 2560px) 100vw, 2560px\" \/>\t\t\t\t\t\t<\/div>\n\t\t\t\t\t\n\t\t\t\t\t\t\t\t\t\t<div class=\"elementor-testimonial-details\">\n\t\t\t\t\t\t\t\t\t\t\t\t\t\t<div class=\"elementor-testimonial-name\">Monica\u200b<\/div>\n\t\t\t\t\t\t\t\t\t\t\t\t\t\t\t\t\t\t\t<\/div>\n\t\t\t\t\t\t\t\t\t<\/div>\n\t\t\t<\/div>\n\t\t\t\t\t<\/div>\n\t\t\t\t<\/div>\n\t\t\t\t<\/div>\n\t\t\t\t<div class=\"elementor-element elementor-element-214f268 elementor-widget elementor-widget-spacer\" data-id=\"214f268\" data-element_type=\"widget\" data-widget_type=\"spacer.default\">\n\t\t\t\t<div class=\"elementor-widget-container\">\n\t\t\t<style>\/*! elementor - v3.11.3 - 07-03-2023 *\/\n.elementor-column .elementor-spacer-inner{height:var(--spacer-size)}.e-con{--container-widget-width:100%}.e-con-inner>.elementor-widget-spacer,.e-con>.elementor-widget-spacer{width:var(--container-widget-width,var(--spacer-size));--align-self:var(--container-widget-align-self,initial);--flex-shrink:0}.e-con-inner>.elementor-widget-spacer>.elementor-widget-container,.e-con-inner>.elementor-widget-spacer>.elementor-widget-container>.elementor-spacer,.e-con>.elementor-widget-spacer>.elementor-widget-container,.e-con>.elementor-widget-spacer>.elementor-widget-container>.elementor-spacer{height:100%}.e-con-inner>.elementor-widget-spacer>.elementor-widget-container>.elementor-spacer>.elementor-spacer-inner,.e-con>.elementor-widget-spacer>.elementor-widget-container>.elementor-spacer>.elementor-spacer-inner{height:var(--container-widget-height,var(--spacer-size))}<\/style>\t\t<div class=\"elementor-spacer\">\n\t\t\t<div class=\"elementor-spacer-inner\"><\/div>\n\t\t<\/div>\n\t\t\t\t<\/div>\n\t\t\t\t<\/div>\n\t\t\t\t<div class=\"elementor-element elementor-element-ad8b984 elementor-widget elementor-widget-heading\" data-id=\"ad8b984\" data-element_type=\"widget\" data-widget_type=\"heading.default\">\n\t\t\t\t<div class=\"elementor-widget-container\">\n\t\t\t<h2 class=\"elementor-heading-title elementor-size-default\">24\/07\/2024 <br><br>Je connais Christelle depuis quelques ann\u00e9es car elle m'a aid\u00e9e lors de p\u00e9riodes difficiles notamment professionnelles. Son c\u00f4t\u00e9 solaire redonne le sourire d\u00e8s qu'on entre dans son cabinet. Elle est \u00e0 l'\u00e9coute constamment et d'une bienveillance sans faille.Cette ann\u00e9e mon fils est all\u00e9 la consulter en pr\u00e9vision du bac. Ce fut un succ\u00e8s plus grand qu escompt\u00e9 : enfant ayant peu confiance en lui il s'est ouvert et a abord\u00e9 le bac et notamment le grand oral avec plus de s\u00e9r\u00e9nit\u00e9 et pour cela il n'a suffit que de qq s\u00e9ances et il y est retourn\u00e9 de lui-m\u00eame donc s'il fallait une preuve de la comp\u00e9tence et de l'efficacit\u00e9 de Christelle...c'est fait !! Allez y en toute confiance. <br>                                                                                        Alexandra M.   <\/h2>\t\t<\/div>\n\t\t\t\t<\/div>\n\t\t\t\t<div class=\"elementor-element elementor-element-21a9878 elementor-widget elementor-widget-testimonial\" data-id=\"21a9878\" data-element_type=\"widget\" data-widget_type=\"testimonial.default\">\n\t\t\t\t<div class=\"elementor-widget-container\">\n\t\t\t\t\t<div class=\"elementor-testimonial-wrapper\">\n\t\t\t\t\t\t\t<div class=\"elementor-testimonial-content\"><br>21\/11\/2011<br>Il nous semble plus d\u00e9tendu, plus gai, il nous raconte un peu ses s\u00e9ances. Je pense qu'il aime vous rencontrer. J'ai l'impression qu'il grandit en ce moment, devient un peu plus \"pr\u00e9-ado\", prend un peu plus confiance en lui.<\/div>\n\t\t\t\n\t\t\t\t\t\t<div class=\"elementor-testimonial-meta elementor-has-image elementor-testimonial-image-position-aside\">\n\t\t\t\t<div class=\"elementor-testimonial-meta-inner\">\n\t\t\t\t\t\t\t\t\t\t\t<div class=\"elementor-testimonial-image\">\n\t\t\t\t\t\t\t<img loading=\"lazy\" decoding=\"async\" width=\"2560\" height=\"1707\" src=\"https:\/\/centresophro34.fr\/wp-content\/uploads\/2022\/12\/pexels-kristin-vogt-57687-scaled.jpg\" class=\"attachment-full size-full wp-image-713\" alt=\"\" srcset=\"https:\/\/centresophro34.fr\/wp-content\/uploads\/2022\/12\/pexels-kristin-vogt-57687-scaled.jpg 2560w, https:\/\/centresophro34.fr\/wp-content\/uploads\/2022\/12\/pexels-kristin-vogt-57687-300x200.jpg 300w, https:\/\/centresophro34.fr\/wp-content\/uploads\/2022\/12\/pexels-kristin-vogt-57687-1024x683.jpg 1024w, https:\/\/centresophro34.fr\/wp-content\/uploads\/2022\/12\/pexels-kristin-vogt-57687-768x512.jpg 768w, https:\/\/centresophro34.fr\/wp-content\/uploads\/2022\/12\/pexels-kristin-vogt-57687-1536x1024.jpg 1536w, https:\/\/centresophro34.fr\/wp-content\/uploads\/2022\/12\/pexels-kristin-vogt-57687-2048x1366.jpg 2048w\" sizes=\"auto, (max-width: 2560px) 100vw, 2560px\" \/>\t\t\t\t\t\t<\/div>\n\t\t\t\t\t\n\t\t\t\t\t\t\t\t\t\t<div class=\"elementor-testimonial-details\">\n\t\t\t\t\t\t\t\t\t\t\t\t\t\t<div class=\"elementor-testimonial-name\">Maman de Gr\u00e9goire<\/div>\n\t\t\t\t\t\t\t\t\t\t\t\t\t\t\t\t\t\t\t<\/div>\n\t\t\t\t\t\t\t\t\t<\/div>\n\t\t\t<\/div>\n\t\t\t\t\t<\/div>\n\t\t\t\t<\/div>\n\t\t\t\t<\/div>\n\t\t\t\t<div class=\"elementor-element elementor-element-43234ec elementor-widget elementor-widget-spacer\" data-id=\"43234ec\" data-element_type=\"widget\" data-widget_type=\"spacer.default\">\n\t\t\t\t<div class=\"elementor-widget-container\">\n\t\t\t\t\t<div class=\"elementor-spacer\">\n\t\t\t<div class=\"elementor-spacer-inner\"><\/div>\n\t\t<\/div>\n\t\t\t\t<\/div>\n\t\t\t\t<\/div>\n\t\t\t\t<div class=\"elementor-element elementor-element-e1215bc elementor-widget elementor-widget-testimonial\" data-id=\"e1215bc\" data-element_type=\"widget\" data-widget_type=\"testimonial.default\">\n\t\t\t\t<div class=\"elementor-widget-container\">\n\t\t\t\t\t<div class=\"elementor-testimonial-wrapper\">\n\t\t\t\t\t\t\t<div class=\"elementor-testimonial-content\">22&nbsp;\/ 09 \/ 2010<br>Bonsoir,<br>J'ai fini vendredi dernier mes examens. Au niveau du stress j'ai r\u00e9ussi \u00e0 bien le g\u00e9rer. Il y a juste eu un jour o\u00f9 la pression \u00e9tait vraiment tr\u00e8s forte et o\u00f9 le soir j'ai un peu craqu\u00e9 en pleurant. Mais dans l'ensemble vos s\u00e9ances m'ont fait beaucoup de bien. Je n'ai pas non plus eu le contre coup apr\u00e8s les examens.&nbsp;<br>Je pense revenir pour des s\u00e9ances en groupe ou individuelle en septembre.<\/div>\n\t\t\t\n\t\t\t\t\t\t<div class=\"elementor-testimonial-meta elementor-has-image elementor-testimonial-image-position-aside\">\n\t\t\t\t<div class=\"elementor-testimonial-meta-inner\">\n\t\t\t\t\t\t\t\t\t\t\t<div class=\"elementor-testimonial-image\">\n\t\t\t\t\t\t\t<img loading=\"lazy\" decoding=\"async\" width=\"2560\" height=\"1707\" src=\"https:\/\/centresophro34.fr\/wp-content\/uploads\/2022\/12\/pexels-kasuma-426893-scaled.jpg\" class=\"attachment-full size-full wp-image-709\" alt=\"\" srcset=\"https:\/\/centresophro34.fr\/wp-content\/uploads\/2022\/12\/pexels-kasuma-426893-scaled.jpg 2560w, https:\/\/centresophro34.fr\/wp-content\/uploads\/2022\/12\/pexels-kasuma-426893-300x200.jpg 300w, https:\/\/centresophro34.fr\/wp-content\/uploads\/2022\/12\/pexels-kasuma-426893-1024x683.jpg 1024w, https:\/\/centresophro34.fr\/wp-content\/uploads\/2022\/12\/pexels-kasuma-426893-768x512.jpg 768w, https:\/\/centresophro34.fr\/wp-content\/uploads\/2022\/12\/pexels-kasuma-426893-1536x1024.jpg 1536w, https:\/\/centresophro34.fr\/wp-content\/uploads\/2022\/12\/pexels-kasuma-426893-2048x1365.jpg 2048w\" sizes=\"auto, (max-width: 2560px) 100vw, 2560px\" \/>\t\t\t\t\t\t<\/div>\n\t\t\t\t\t\n\t\t\t\t\t\t\t\t\t\t<div class=\"elementor-testimonial-details\">\n\t\t\t\t\t\t\t\t\t\t\t\t\t\t<div class=\"elementor-testimonial-name\"><p style=\"margin-bottom: 0cm\">C.Martinez<\/p><\/div>\n\t\t\t\t\t\t\t\t\t\t\t\t\t\t\t\t\t\t\t<\/div>\n\t\t\t\t\t\t\t\t\t<\/div>\n\t\t\t<\/div>\n\t\t\t\t\t<\/div>\n\t\t\t\t<\/div>\n\t\t\t\t<\/div>\n\t\t\t\t<div class=\"elementor-element elementor-element-28b5734 elementor-widget elementor-widget-testimonial\" data-id=\"28b5734\" data-element_type=\"widget\" data-widget_type=\"testimonial.default\">\n\t\t\t\t<div class=\"elementor-widget-container\">\n\t\t\t\t\t<div class=\"elementor-testimonial-wrapper\">\n\t\t\t\t\t\t\t<div class=\"elementor-testimonial-content\">16\/08\/2022<br>Bonsoir,Je tiens profond\u00e9ment \u00e0 te dire que chaque jour chaque instant je pense au travail effectu\u00e9 ensemble et \u00e0 l\u2019ouverture effectu\u00e9e. Ce travail a \u00e9t\u00e9 pr\u00e9cieux m\u00eame si j ai certainement mis beaucoup de temps pour l accepter.<br>Mais j ai surtout appris \u00e0 m accepter comme j \u00e9tais. <br>Je voulais te dire que ta rencontre m avait \u00e9t\u00e9 tr\u00e8s b\u00e9n\u00e9fique et que ton travail m\u2019a \u00e9t\u00e9 pr\u00e9cieux.<br>Encore mille mercis pour ta douceur et ton empathie.<\/div>\n\t\t\t\n\t\t\t\t\t\t<div class=\"elementor-testimonial-meta elementor-has-image elementor-testimonial-image-position-aside\">\n\t\t\t\t<div class=\"elementor-testimonial-meta-inner\">\n\t\t\t\t\t\t\t\t\t\t\t<div class=\"elementor-testimonial-image\">\n\t\t\t\t\t\t\t<img loading=\"lazy\" decoding=\"async\" width=\"2560\" height=\"1728\" src=\"https:\/\/centresophro34.fr\/wp-content\/uploads\/2022\/12\/pexels-ioandan-plesa-14633804-scaled.jpg\" class=\"attachment-full size-full wp-image-814\" alt=\"\" srcset=\"https:\/\/centresophro34.fr\/wp-content\/uploads\/2022\/12\/pexels-ioandan-plesa-14633804-scaled.jpg 2560w, https:\/\/centresophro34.fr\/wp-content\/uploads\/2022\/12\/pexels-ioandan-plesa-14633804-300x203.jpg 300w, https:\/\/centresophro34.fr\/wp-content\/uploads\/2022\/12\/pexels-ioandan-plesa-14633804-1024x691.jpg 1024w, https:\/\/centresophro34.fr\/wp-content\/uploads\/2022\/12\/pexels-ioandan-plesa-14633804-768x518.jpg 768w, https:\/\/centresophro34.fr\/wp-content\/uploads\/2022\/12\/pexels-ioandan-plesa-14633804-1536x1037.jpg 1536w, https:\/\/centresophro34.fr\/wp-content\/uploads\/2022\/12\/pexels-ioandan-plesa-14633804-2048x1382.jpg 2048w\" sizes=\"auto, (max-width: 2560px) 100vw, 2560px\" \/>\t\t\t\t\t\t<\/div>\n\t\t\t\t\t\n\t\t\t\t\t\t\t\t\t\t<div class=\"elementor-testimonial-details\">\n\t\t\t\t\t\t\t\t\t\t\t\t\t\t<div class=\"elementor-testimonial-name\">C\u00e9line G.<\/div>\n\t\t\t\t\t\t\t\t\t\t\t\t\t\t\t\t\t\t\t<\/div>\n\t\t\t\t\t\t\t\t\t<\/div>\n\t\t\t<\/div>\n\t\t\t\t\t<\/div>\n\t\t\t\t<\/div>\n\t\t\t\t<\/div>\n\t\t\t\t\t<\/div>\n\t\t<\/div>\n\t\t\t\t\t\t\t<\/div>\n\t\t<\/section>\n\t\t\t\t\t\t\t<\/div>\n\t\t","protected":false},"excerpt":{"rendered":"<p>Ils m&rsquo;ont fait confiance ! 15\/12\/2025 Merci \u00e0 Christelle pour tous ce qu\u2019elle m\u2019a apport\u00e9 pendant nos s\u00e9ances. Elle nous apprend des exercices, simples et tellement efficaces qui m\u2019accompagnent encore&#8230;<\/p>\n","protected":false},"author":1,"featured_media":0,"parent":0,"menu_order":0,"comment_status":"closed","ping_status":"closed","template":"","meta":{"_kad_post_transparent":"","_kad_post_title":"hide","_kad_post_layout":"fullwidth","_kad_post_sidebar_id":"","_kad_post_content_style":"unboxed","_kad_post_vertical_padding":"hide","_kad_post_feature":"hide","_kad_post_feature_position":"","_kad_post_header":false,"_kad_post_footer":false,"footnotes":""},"class_list":["post-1150","page","type-page","status-publish","hentry"],"_links":{"self":[{"href":"https:\/\/centresophro34.fr\/index.php\/wp-json\/wp\/v2\/pages\/1150","targetHints":{"allow":["GET"]}}],"collection":[{"href":"https:\/\/centresophro34.fr\/index.php\/wp-json\/wp\/v2\/pages"}],"about":[{"href":"https:\/\/centresophro34.fr\/index.php\/wp-json\/wp\/v2\/types\/page"}],"author":[{"embeddable":true,"href":"https:\/\/centresophro34.fr\/index.php\/wp-json\/wp\/v2\/users\/1"}],"replies":[{"embeddable":true,"href":"https:\/\/centresophro34.fr\/index.php\/wp-json\/wp\/v2\/comments?post=1150"}],"version-history":[{"count":19,"href":"https:\/\/centresophro34.fr\/index.php\/wp-json\/wp\/v2\/pages\/1150\/revisions"}],"predecessor-version":[{"id":1359,"href":"https:\/\/centresophro34.fr\/index.php\/wp-json\/wp\/v2\/pages\/1150\/revisions\/1359"}],"wp:attachment":[{"href":"https:\/\/centresophro34.fr\/index.php\/wp-json\/wp\/v2\/media?parent=1150"}],"curies":[{"name":"wp","href":"https:\/\/api.w.org\/{rel}","templated":true}]}}